{"id":147,"date":"2019-05-17T18:39:27","date_gmt":"2019-05-17T18:39:27","guid":{"rendered":"http:\/\/parroquiajbe.org\/sitio1\/?page_id=147"},"modified":"2025-02-23T01:05:35","modified_gmt":"2025-02-23T01:05:35","slug":"ministerio-de-comunicaciones","status":"publish","type":"page","link":"https:\/\/parroquiajbe.org\/index.php\/ministerio-de-comunicaciones\/","title":{"rendered":"Ministerio de Comunicaciones"},"content":{"rendered":"<p><b>Ministerio de Comunicaciones Parroquia Jes\u00fas de la Buena Esperanza<\/b><\/p>\n<p>Ora, stude et servi<\/p>\n<p><b>MISI\u00d3N<\/b><\/p>\n<p>Ser un instrumento para la Parroquia en el \u00e1mbito de las comunicaci\u00f3n, para\u00a0 transmitir a la comunidad el anuncio del Evangelio a trav\u00e9s de diferentes\u00a0 m\u00e9todos,\u00a0 t\u00e9cnicas y medios de comunicaci\u00f3n social<\/p>\n<p><b>VISI\u00d3N<\/b><\/p>\n<p>El Ministerio de comunicaciones brinda todos sus \u00e1nimos, dedicaci\u00f3n,\u00a0 esfuerzos para la eficiencia comunicacional de la parroquia y as\u00ed en integraci\u00f3n y trabajo com\u00fan con los dem\u00e1s ministerios para llegar con la informaci\u00f3n pertinente\u00a0 a toda la comunidad evangelizada y evangelizadora y a la\u00a0 comunidad en general del territorio parroquial y de la di\u00f3cesis.<\/p>\n<p><b>OBJETIVOS.\u00a0<\/b><\/p>\n<p>Apoyar para que las comunicaciones y la informaci\u00f3n general y particular de Nuestra Parroquia y del proceso de nueva Evangelizaci\u00f3n sea publicada y transmitida de manera oportuna, veraz, clara y pertinente.<\/p>\n<p><b>actividades<\/b><\/p>\n<ol>\n<li aria-level=\"1\">Dise\u00f1o, mantenimiento y publicaciones de la p\u00e1gina Web <a href=\"http:\/\/www.parroquiajeb.org\">www.parroquiajbe.org<\/a>, redes sociales como Facebook e Instagram,podscast.\u00a0 (Crear manual de manejo de comunicaciones).<\/li>\n<li aria-level=\"1\">Crear micrositios para los principales ministerios de la parroquia.<\/li>\n<li aria-level=\"1\">Actualizar, controlar y manejar la bases de datos de todas las comunidades evangelizadas de la parroquia Jes\u00fas de la Buena \u00a0 Esperanza.<\/li>\n<li aria-level=\"1\">Apoyar en el dise\u00f1o de piezas gr\u00e1ficas y dem\u00e1s elementos f\u00edsicos y digitales que se usen en la comunicaci\u00f3n de los diferentes eventos y actividades de la parroquia.<\/li>\n<li aria-level=\"1\">Realizar el esquema de publicaci\u00f3n y m\u00e9todo para la autorizaci\u00f3n de publicaciones en redes sociales y p\u00e1gina web y dise\u00f1os de piezas gr\u00e1ficas as\u00ed como medios f\u00edsicos.<\/li>\n<li aria-level=\"1\">Realizar y generar la pol\u00edtica de protecci\u00f3n de datos para la parroquia, apoyar y generar estrategias y velar por el cumplimiento de la pol\u00edtica de protecci\u00f3n de datos personales de la parroquia.<\/li>\n<li aria-level=\"1\">Generar un manual de marca para la parroquia. (definir en consejo parroquial).<\/li>\n<li aria-level=\"1\">buscar y velar por la formaci\u00f3n y capacitaci\u00f3n de los integrantes del ministerio para la realizaci\u00f3n de sus funciones.<\/li>\n<li aria-level=\"1\">brindar apoyo a las diferentes actividades de la parroquia en lo que se refiere a las actividades propias del ministerio.<\/li>\n<li aria-level=\"1\">Gestionar y controlar los usuarios y claves de las diferentes redes, correos, dominio, hosting.<\/li>\n<\/ol>\n<p><b>Integrantes<\/b><\/p>\n<table style=\"height: 310px;\" width=\"673\">\n<tbody>\n<tr>\n<td>Nombres y Apellidos<\/td>\n<td>\u00a0<\/td>\n<td>Comunidad<\/td>\n<\/tr>\n<tr>\n<td>Luis Herney Londo\u00f1o Pinilla<\/td>\n<td>\u00a0<\/td>\n<td>6E<\/td>\n<\/tr>\n<tr>\n<td>Adriana Holguin<\/td>\n<td>\u00a0<\/td>\n<td>1c<\/td>\n<\/tr>\n<tr>\n<td>Paul Torres<\/td>\n<td>\u00a0<\/td>\n<td>1c<\/td>\n<\/tr>\n<tr>\n<td>Sandro Galvis L\u00f3pez<\/td>\n<td>\u00a0<\/td>\n<td>3I<\/td>\n<\/tr>\n<\/tbody>\n<\/table>\n<p>\u00a0<\/p>\n<p><b>HAZ PARTE DE ESTE MINISTERIO <\/b><\/p>\n<p><b>Y YA SABES:\u00a0<\/b><b>C<\/b><b>RISTO TE ESPERA PARA QUE CON TU SERVICIO, APORTES UN GRANITO DE ARENA A SU REINO<\/b><\/p>\n<p>Contacto : Escr\u00edbenos al correo info@parroquiajbe.org<\/p>\n\n\n<p><\/p>\n","protected":false},"excerpt":{"rendered":"<p>Ministerio de Comunicaciones Parroquia Jes\u00fas de la Buena Esperanza Ora, stude et servi MISI\u00d3N Ser un instrumento para la Parroquia en el \u00e1mbito de las comunicaci\u00f3n, para\u00a0 transmitir a la comunidad el anuncio del Evangelio a trav\u00e9s de diferentes\u00a0 m\u00e9todos,\u00a0 &hellip; <a href=\"https:\/\/parroquiajbe.org\/index.php\/ministerio-de-comunicaciones\/\">Continuar<\/a><\/p>\n","protected":false},"author":1,"featured_media":0,"parent":0,"menu_order":0,"comment_status":"closed","ping_status":"closed","template":"","meta":{"kt_blocks_editor_width":"","_monsterinsights_skip_tracking":false,"_monsterinsights_sitenote_active":false,"_monsterinsights_sitenote_note":"","_monsterinsights_sitenote_category":0,"footnotes":""},"class_list":["post-147","page","type-page","status-publish","hentry"],"_links":{"self":[{"href":"https:\/\/parroquiajbe.org\/index.php\/wp-json\/wp\/v2\/pages\/147","targetHints":{"allow":["GET"]}}],"collection":[{"href":"https:\/\/parroquiajbe.org\/index.php\/wp-json\/wp\/v2\/pages"}],"about":[{"href":"https:\/\/parroquiajbe.org\/index.php\/wp-json\/wp\/v2\/types\/page"}],"author":[{"embeddable":true,"href":"https:\/\/parroquiajbe.org\/index.php\/wp-json\/wp\/v2\/users\/1"}],"replies":[{"embeddable":true,"href":"https:\/\/parroquiajbe.org\/index.php\/wp-json\/wp\/v2\/comments?post=147"}],"version-history":[{"count":4,"href":"https:\/\/parroquiajbe.org\/index.php\/wp-json\/wp\/v2\/pages\/147\/revisions"}],"predecessor-version":[{"id":1475,"href":"https:\/\/parroquiajbe.org\/index.php\/wp-json\/wp\/v2\/pages\/147\/revisions\/1475"}],"wp:attachment":[{"href":"https:\/\/parroquiajbe.org\/index.php\/wp-json\/wp\/v2\/media?parent=147"}],"curies":[{"name":"wp","href":"https:\/\/api.w.org\/{rel}","templated":true}]}}